{"id":3,"date":"2022-04-30T15:46:33","date_gmt":"2022-04-30T13:46:33","guid":{"rendered":"https:\/\/esprit-kokoro.com\/?page_id=3"},"modified":"2025-05-26T16:34:16","modified_gmt":"2025-05-26T14:34:16","slug":"informations-legales","status":"publish","type":"page","link":"https:\/\/esprit-kokoro.com\/index.php\/informations-legales\/","title":{"rendered":"Informations L\u00e9gales"},"content":{"rendered":"\t\t<div data-elementor-type=\"wp-page\" data-elementor-id=\"3\" class=\"elementor elementor-3\" data-elementor-post-type=\"page\">\n\t\t\t\t\t\t<section class=\"elementor-section elementor-top-section elementor-element elementor-element-f349ce4 elementor-section-boxed elementor-section-height-default elementor-section-height-default\" data-id=\"f349ce4\" data-element_type=\"section\">\n\t\t\t\t\t\t<div class=\"elementor-container elementor-column-gap-default\">\n\t\t\t\t\t<div class=\"elementor-column elementor-col-100 elementor-top-column elementor-element elementor-element-3b7569e8\" data-id=\"3b7569e8\" data-element_type=\"column\">\n\t\t\t<div class=\"elementor-widget-wrap elementor-element-populated\">\n\t\t\t\t\t\t<div class=\"elementor-element elementor-element-44709c5 elementor-widget elementor-widget-heading\" data-id=\"44709c5\" data-element_type=\"widget\" data-widget_type=\"heading.default\">\n\t\t\t\t<div class=\"elementor-widget-container\">\n\t\t\t\t\t<h2 class=\"elementor-heading-title elementor-size-default\">MENTIONS L\u00c9GALES<\/h2>\t\t\t\t<\/div>\n\t\t\t\t<\/div>\n\t\t\t\t<div class=\"elementor-element elementor-element-20e2c70d elementor-widget elementor-widget-text-editor\" data-id=\"20e2c70d\" data-element_type=\"widget\" data-widget_type=\"text-editor.default\">\n\t\t\t\t<div class=\"elementor-widget-container\">\n\t\t\t\t\t\t\t\t\t<p>Conform\u00e9ment aux dispositions de la loi n\u00b0 2004-575 du 21 juin 2004 pour la confiance en l&rsquo;\u00e9conomie num\u00e9rique, il est pr\u00e9cis\u00e9 aux utilisateurs du site Esprit Kokoro l&rsquo;identit\u00e9 des diff\u00e9rents intervenants dans le cadre de sa r\u00e9alisation et de son suivi.<\/p><p><b>Edition du site\u00a0<\/b><\/p><p>Le pr\u00e9sent site, accessible \u00e0 l\u2019URL https:\/\/esprit-kokoro.com (le \u00ab Site \u00bb), est \u00e9dit\u00e9 par :<\/p><p>Centre Kokoro , soci\u00e9t\u00e9 au capital de 2000 euros, inscrite au R.C.S. de NANCY sous le num\u00e9ro 908042799 RCS Nancy, dont le si\u00e8ge social est situ\u00e9 au 7, all\u00e9e de la gentilhommi\u00e8re F-54690 Lay Saint Christophe, repr\u00e9sent\u00e9(e) par Cl\u00e9ment Gigout d\u00fbment habilit\u00e9(e)<\/p><p>Le num\u00e9ro individuel TVA de l\u2019\u00e9diteur est : FR03908042799.<\/p><p><b>H\u00e9bergement<\/b><\/p><p>Le Site est h\u00e9berg\u00e9 par la soci\u00e9t\u00e9 Hostinger International LTD, situ\u00e9 , (contact t\u00e9l\u00e9phonique ou email : https:\/\/www.hostinger.fr\/contact).<\/p><p><b>Directeur de publication\u00a0<\/b><\/p><p>Le Directeur de la publication du Site est Cl\u00e9ment Gigout .<\/p><p><b>Nous contacter\u00a0<\/b><\/p><p>Par t\u00e9l\u00e9phone : +33640983773<\/p><p>Par email\u00a0: contact@esprit-kokoro.com<\/p><p>Par courrier\u00a0: 7, all\u00e9e de la gentilhommi\u00e8re F-54690 Lay Saint Christophe<\/p><p><b>Donn\u00e9es personnelles<\/b><\/p><div class=\"page\" title=\"Page 1\"><div class=\"section\"><div class=\"layoutArea\"><div class=\"column\"><p>Chez Esprit Kokoro, nous respectons votre vie prive\u0301e et nous nous engageons a\u0300 prote\u0301ger les donne\u0301es personnelles que vous nous confiez.<\/p><p>1. Responsable du traitement<\/p><p>Le responsable du traitement des donne\u0301es est :<\/p><p>Cle\u0301ment Gigout<\/p><p>Pre\u0301sident de la SAS Esprit Kokoro<br \/>Adresse contact : 25, rue de la Woivre 54710 Fle\u0301ville devant Nancy Email : contact@esprit-kokoro.com<\/p><p>2. Donne\u0301es collecte\u0301es<\/p><p>Nous collectons uniquement les donne\u0301es strictement ne\u0301cessaires a\u0300 votre demande d\u2019informations ou d\u2019inscription :<\/p><ul><li><p>Pre\u0301nom et nom<\/p><\/li><li><p>Adresse e-mail<\/p><\/li><li><p>Nume\u0301ro de te\u0301le\u0301phone (facultatif selon formulaire)<\/p><\/li><li><p>Message libre<\/p><p>3. Finalite\u0301 du traitement<\/p><p>Les donne\u0301es sont collecte\u0301es pour :<\/p><\/li><\/ul><ul><li><p>Vous envoyer le programme du stage Kokoro<\/p><\/li><li><p>Vous recontacter pour re\u0301pondre a\u0300 votre demande<\/p><\/li><li><p>Vous envoyer des informations comple\u0301mentaires (emails de suivi, rappels, actualite\u0301s Kokoro)<\/p><\/li><li><p>E\u0301ventuellement, vous proposer d\u2019autres offres lie\u0301es au bien-e\u0302tre ou a\u0300 la me\u0301decine chinoise Ces traitements sont fonde\u0301s sur votre consentement librement donne\u0301 via le formulaire.<\/p><p>4. Dure\u0301e de conservation<\/p><p>Vos donne\u0301es sont conserve\u0301es pendant 3 ans maximum a\u0300 compter du dernier contact ou de votre demande, sauf si vous demandez leur suppression plus to\u0302t.<\/p><\/li><\/ul><\/div><\/div><\/div><\/div><div class=\"page\" title=\"Page 2\"><div class=\"section\"><div class=\"layoutArea\"><div class=\"column\"><p>5. Destinataires<br \/>Tes donne\u0301es sont confidentielles. Elles ne sont ni revendues, ni e\u0301change\u0301es, et ne sont partage\u0301es<\/p><p>qu\u2019avec :<\/p><ul><li><p>Les outils techniques utilise\u0301s pour l\u2019emailing ou la gestion des contacts (ex : Mailerlite, Gmail, Systeme.io si utilise\u0301 ulte\u0301rieurement)<\/p><\/li><li><p>Les autorite\u0301s si la loi l\u2019exige<\/p><p>6. Se\u0301curite\u0301<\/p><p>Toutes les pre\u0301cautions techniques sont prises pour prote\u0301ger vos donne\u0301es (HTTPS, stockage se\u0301curise\u0301, acce\u0300s limite\u0301). Ne\u0301anmoins, aucun syste\u0300me n\u2019est infaillible a\u0300 100 %.<\/p><p>7. Vos droits<\/p><p>Conforme\u0301ment a\u0300 la re\u0301glementation en vigueur (RGPD), vous disposez des droits suivants :<\/p><\/li><\/ul><ul><li><p>Droit d\u2019acce\u0300s a\u0300 vos donne\u0301es<\/p><\/li><li><p>Droit de rectification<\/p><\/li><li><p>Droit a\u0300 l\u2019effacement<\/p><\/li><li><p>Droit d\u2019opposition ou de retrait du consentement<\/p><\/li><li><p>Droit a\u0300 la portabilite\u0301<br \/>Vous pouvez exercer vos droits a\u0300 tout moment par email a\u0300 : contact@esprit-kokoro.com<\/p><p>8. Cookies et suivi<\/p><p>Le site utilise des outils de mesure d\u2019audience (ex : Facebook Pixel) a\u0300 des fins statistiques ou publicitaires. En poursuivant votre navigation, vous acceptez l\u2019utilisation de ces cookies.<\/p><p>Vous pouvez parame\u0301trer votre navigateur pour refuser les cookies ou demander leur suppression.<\/p><p>9. Modification de la politique<\/p><p>Cette politique de confidentialite\u0301 peut e\u0302tre mise a\u0300 jour a\u0300 tout moment. La version en vigueur est celle publie\u0301e sur cette page.<\/p><\/li><\/ul><\/div><\/div><\/div><\/div>\t\t\t\t\t\t\t\t<\/div>\n\t\t\t\t<\/div>\n\t\t\t\t\t<\/div>\n\t\t<\/div>\n\t\t\t\t\t<\/div>\n\t\t<\/section>\n\t\t\t\t<\/div>\n\t\t","protected":false},"excerpt":{"rendered":"<p>MENTIONS L\u00c9GALES Conform\u00e9ment aux dispositions de la loi n\u00b0 2004-575 du 21 juin 2004 pour la confiance en l&rsquo;\u00e9conomie num\u00e9rique, il est pr\u00e9cis\u00e9 aux utilisateurs du site Esprit Kokoro l&rsquo;identit\u00e9 des diff\u00e9rents intervenants dans le cadre de sa r\u00e9alisation et de son suivi. Edition du site\u00a0 Le pr\u00e9sent site, accessible \u00e0 l\u2019URL https:\/\/esprit-kokoro.com (le \u00ab [&hellip;]<\/p>\n","protected":false},"author":1,"featured_media":0,"parent":0,"menu_order":0,"comment_status":"closed","ping_status":"closed","template":"elementor_header_footer","meta":{"_seopress_robots_primary_cat":"","_seopress_titles_title":"","_seopress_titles_desc":"","_seopress_robots_index":"","site-sidebar-layout":"default","site-content-layout":"","ast-site-content-layout":"default","site-content-style":"default","site-sidebar-style":"default","ast-global-header-display":"","ast-banner-title-visibility":"","ast-main-header-display":"","ast-hfb-above-header-display":"","ast-hfb-below-header-display":"","ast-hfb-mobile-header-display":"","site-post-title":"","ast-breadcrumbs-content":"","ast-featured-img":"","footer-sml-layout":"","ast-disable-related-posts":"","theme-transparent-header-meta":"","adv-header-id-meta":"","stick-header-meta":"","header-above-stick-meta":"","header-main-stick-meta":"","header-below-stick-meta":"","astra-migrate-meta-layouts":"set","ast-page-background-enabled":"default","ast-page-background-meta":{"desktop":{"background-color":"var(--ast-global-color-4)","background-image":"","background-repeat":"repeat","background-position":"center center","background-size":"auto","background-attachment":"scroll","background-type":"","background-media":"","overlay-type":"","overlay-color":"","overlay-opacity":"","overlay-gradient":""},"tablet":{"background-color":"","background-image":"","background-repeat":"repeat","background-position":"center center","background-size":"auto","background-attachment":"scroll","background-type":"","background-media":"","overlay-type":"","overlay-color":"","overlay-opacity":"","overlay-gradient":""},"mobile":{"background-color":"","background-image":"","background-repeat":"repeat","background-position":"center center","background-size":"auto","background-attachment":"scroll","background-type":"","background-media":"","overlay-type":"","overlay-color":"","overlay-opacity":"","overlay-gradient":""}},"ast-content-background-meta":{"desktop":{"background-color":"var(--ast-global-color-5)","background-image":"","background-repeat":"repeat","background-position":"center center","background-size":"auto","background-attachment":"scroll","background-type":"","background-media":"","overlay-type":"","overlay-color":"","overlay-opacity":"","overlay-gradient":""},"tablet":{"background-color":"var(--ast-global-color-5)","background-image":"","background-repeat":"repeat","background-position":"center center","background-size":"auto","background-attachment":"scroll","background-type":"","background-media":"","overlay-type":"","overlay-color":"","overlay-opacity":"","overlay-gradient":""},"mobile":{"background-color":"var(--ast-global-color-5)","background-image":"","background-repeat":"repeat","background-position":"center center","background-size":"auto","background-attachment":"scroll","background-type":"","background-media":"","overlay-type":"","overlay-color":"","overlay-opacity":"","overlay-gradient":""}},"footnotes":""},"class_list":["post-3","page","type-page","status-publish","hentry"],"_links":{"self":[{"href":"https:\/\/esprit-kokoro.com\/index.php\/wp-json\/wp\/v2\/pages\/3","targetHints":{"allow":["GET"]}}],"collection":[{"href":"https:\/\/esprit-kokoro.com\/index.php\/wp-json\/wp\/v2\/pages"}],"about":[{"href":"https:\/\/esprit-kokoro.com\/index.php\/wp-json\/wp\/v2\/types\/page"}],"author":[{"embeddable":true,"href":"https:\/\/esprit-kokoro.com\/index.php\/wp-json\/wp\/v2\/users\/1"}],"replies":[{"embeddable":true,"href":"https:\/\/esprit-kokoro.com\/index.php\/wp-json\/wp\/v2\/comments?post=3"}],"version-history":[{"count":21,"href":"https:\/\/esprit-kokoro.com\/index.php\/wp-json\/wp\/v2\/pages\/3\/revisions"}],"predecessor-version":[{"id":1364,"href":"https:\/\/esprit-kokoro.com\/index.php\/wp-json\/wp\/v2\/pages\/3\/revisions\/1364"}],"wp:attachment":[{"href":"https:\/\/esprit-kokoro.com\/index.php\/wp-json\/wp\/v2\/media?parent=3"}],"curies":[{"name":"wp","href":"https:\/\/api.w.org\/{rel}","templated":true}]}}